{"id":10,"date":"2017-05-12T07:18:48","date_gmt":"2017-05-12T07:18:48","guid":{"rendered":"https:\/\/www.mgis.in\/?page_id=10"},"modified":"2024-08-30T05:41:07","modified_gmt":"2024-08-30T05:41:07","slug":"alumni","status":"publish","type":"page","link":"https:\/\/www.mgis.in\/fr\/alumni\/","title":{"rendered":"Nos Anciens \u00e9l\u00e8ves"},"content":{"rendered":"<p><\/p>\n<p style=\"text-align: left;\">MGIS pr\u00e9sente une communaut\u00e9 d&rsquo;anciens \u00e9l\u00e8ves tr\u00e8s importante depuis 2007. Ils se dirigent dans des domaines vari\u00e9s tels que la physique appliqu\u00e9e, les math\u00e9matiques, la chimie, l&rsquo;a\u00e9ronautique, la musique, la danse, l&rsquo;art, la litt\u00e9rature, bio-chimie, finance, architecture, etc. et sont re\u00e7us dans des universit\u00e9s prestigieuses.. en Inde, au Royaume-Uni, en Europe, aux \u00c9tats-Unis, en Australie et en Asie.<\/p>\n<p style=\"text-align: left;\">Beaucoup d&rsquo;entres eux occupent de tr\u00e8s hauts postes au niveau local, national, international..<\/p>\n<p style=\"text-align: left;\">Gr\u00e2ce \u00e0 la p\u00e9dagogie particuli\u00e8re d\u00e9livr\u00e9e \u00e0 MGIS, ses anciens \u00e9l\u00e8ves sont reconnus et appr\u00e9ci\u00e9s dans chacun de leurs domaines de sp\u00e9cialit\u00e9 respectifs. Certains ont m\u00eame int\u00e9gr\u00e9 le corps p\u00e9dagogique de MGIS, tandis que d&rsquo;autres interviennent volontiers sur des projets ponctuels.<\/p>\n<p style=\"text-align: left;\">Cette infographie interactive vous donne une vision panoptique des universit\u00e9s et \u00e9coles o\u00f9 nos anciens \u00e9l\u00e8ves sont all\u00e9s apr\u00e8s avoir obtenu leur dipl\u00f4me \u00e0 MGIS. Cliquez sur les continents pour les d\u00e9couvrir !<\/p>\n<p style=\"text-align: left;\">\n<p><\/p>","protected":false},"excerpt":{"rendered":"<p>MGIS pr\u00e9sente une communaut\u00e9 d&rsquo;anciens \u00e9l\u00e8ves tr\u00e8s importante depuis 2007. Ils se dirigent dans des domaines vari\u00e9s tels <a href=\"https:\/\/www.mgis.in\/fr\/alumni\/\" class=\"more-link\">read more&#8230;<\/a><\/p>\n","protected":false},"author":1,"featured_media":508,"parent":0,"menu_order":0,"comment_status":"closed","ping_status":"closed","template":"alumni.php","meta":{"_acf_changed":false,"footnotes":""},"class_list":["post-10","page","type-page","status-publish","has-post-thumbnail","hentry"],"acf":[],"_links":{"self":[{"href":"https:\/\/www.mgis.in\/fr\/wp-json\/wp\/v2\/pages\/10","targetHints":{"allow":["GET"]}}],"collection":[{"href":"https:\/\/www.mgis.in\/fr\/wp-json\/wp\/v2\/pages"}],"about":[{"href":"https:\/\/www.mgis.in\/fr\/wp-json\/wp\/v2\/types\/page"}],"author":[{"embeddable":true,"href":"https:\/\/www.mgis.in\/fr\/wp-json\/wp\/v2\/users\/1"}],"replies":[{"embeddable":true,"href":"https:\/\/www.mgis.in\/fr\/wp-json\/wp\/v2\/comments?post=10"}],"version-history":[{"count":1,"href":"https:\/\/www.mgis.in\/fr\/wp-json\/wp\/v2\/pages\/10\/revisions"}],"predecessor-version":[{"id":1335,"href":"https:\/\/www.mgis.in\/fr\/wp-json\/wp\/v2\/pages\/10\/revisions\/1335"}],"wp:featuredmedia":[{"embeddable":true,"href":"https:\/\/www.mgis.in\/fr\/wp-json\/wp\/v2\/media\/508"}],"wp:attachment":[{"href":"https:\/\/www.mgis.in\/fr\/wp-json\/wp\/v2\/media?parent=10"}],"curies":[{"name":"wp","href":"https:\/\/api.w.org\/{rel}","templated":true}]}}