{"id":12,"date":"2017-05-12T07:18:49","date_gmt":"2017-05-12T07:18:49","guid":{"rendered":"https:\/\/www.mgis.in\/?page_id=12"},"modified":"2023-03-10T05:10:59","modified_gmt":"2023-03-10T05:10:59","slug":"team","status":"publish","type":"page","link":"https:\/\/www.mgis.in\/fr\/team\/","title":{"rendered":"Notre \u00c9quipe"},"content":{"rendered":"<p>L\u2019\u00e9quipe de l\u2019\u00e9cole de la MGIS se compose de professionnels de l\u2019\u00e9ducation titulaire de licence et master, de docteurs en science de l\u2019\u00e9ducation, d\u2019enseignants et d\u2019\u00e9ducateurs exp\u00e9riment\u00e9s. Ils ont pour mission de red\u00e9finir au quotidien la relation enseignant-\u00e9l\u00e8ve et de promouvoir un environnement propice \u00e0 la communication, \u00e0 la collaboration et \u00e0 la solidarit\u00e9 entre ma\u00eetre et \u00e9l\u00e8ve. Leurs qualifications leur permet d\u2019assurer en classe un haut niveau d\u2019innovation et d\u2019expertise. Les professeurs de la MGIS utilisent des outils issus de la technologie tels que le iPad, les outils Google, les r\u00e9glettes Cuisenaire, Tangram, Atrimath. Pour maintenir ce haut niveau d\u2019expertise, les enseignants re\u00e7oivent des formations en interne \u00e0 la MGIS ainsi que des certifications professionnelles telles que celle du Baccalaur\u00e9at International, du BTEC, de Cambridge, du British Council, de Harvard Teaching for Understanding, des formations Apple.<\/p>\n<p>&nbsp;<\/p>","protected":false},"excerpt":{"rendered":"<p>L\u2019\u00e9quipe de l\u2019\u00e9cole de la MGIS se compose de professionnels de l\u2019\u00e9ducation titulaire de licence et master, de <a href=\"https:\/\/www.mgis.in\/fr\/team\/\" class=\"more-link\">read more&#8230;<\/a><\/p>\n","protected":false},"author":1,"featured_media":410,"parent":0,"menu_order":0,"comment_status":"closed","ping_status":"closed","template":"team.php","meta":{"_acf_changed":false,"footnotes":""},"class_list":["post-12","page","type-page","status-publish","has-post-thumbnail","hentry"],"acf":[],"_links":{"self":[{"href":"https:\/\/www.mgis.in\/fr\/wp-json\/wp\/v2\/pages\/12","targetHints":{"allow":["GET"]}}],"collection":[{"href":"https:\/\/www.mgis.in\/fr\/wp-json\/wp\/v2\/pages"}],"about":[{"href":"https:\/\/www.mgis.in\/fr\/wp-json\/wp\/v2\/types\/page"}],"author":[{"embeddable":true,"href":"https:\/\/www.mgis.in\/fr\/wp-json\/wp\/v2\/users\/1"}],"replies":[{"embeddable":true,"href":"https:\/\/www.mgis.in\/fr\/wp-json\/wp\/v2\/comments?post=12"}],"version-history":[{"count":0,"href":"https:\/\/www.mgis.in\/fr\/wp-json\/wp\/v2\/pages\/12\/revisions"}],"wp:featuredmedia":[{"embeddable":true,"href":"https:\/\/www.mgis.in\/fr\/wp-json\/wp\/v2\/media\/410"}],"wp:attachment":[{"href":"https:\/\/www.mgis.in\/fr\/wp-json\/wp\/v2\/media?parent=12"}],"curies":[{"name":"wp","href":"https:\/\/api.w.org\/{rel}","templated":true}]}}