{"id":189,"date":"2017-06-05T12:45:02","date_gmt":"2017-06-05T12:45:02","guid":{"rendered":"https:\/\/www.mgis.in\/?page_id=189"},"modified":"2025-02-24T13:28:10","modified_gmt":"2025-02-24T13:28:10","slug":"gallery","status":"publish","type":"page","link":"https:\/\/www.mgis.in\/fr\/gallery\/","title":{"rendered":"Gallery"},"content":{"rendered":"<p>Les \u00e9l\u00e8ves de 4e voulaient cr\u00e9er une plateforme de diffusion mondiale pour leur travail dans le cadre de leur projet de classe. Ils ont lanc\u00e9 leur cha\u00eene d&rsquo;information en ligne pour toute la communaut\u00e9 scolaire qu&rsquo;ils ont appel\u00e9e &lsquo;MGIS TV Newscast&rsquo; . Ils ont  cr\u00e9\u00e9 du contenu en utilisant des outils de cr\u00e9ation appropri\u00e9s tels qu&rsquo;iMovie, Final Cut Pro, GarageBand, Pages, Keynote, iBooks Author, etc. Ils ont b\u00e9n\u00e9fici\u00e9 d\u2019un cycle d&rsquo;apprentissage rigoureux pour aborder des concepts importants en langues, sciences, math\u00e9matiques, technologie et en arts. Leur travail a \u00e9t\u00e9 mis en place avec les logiciels de montage Final Cut Pro et iMovie sur iPad et Mac. Cette cha\u00eene est devenue la cha\u00eene officielle MGIS youtube pour toute la communaut\u00e9 scolaire.<\/p>","protected":false},"excerpt":{"rendered":"<p>Les \u00e9l\u00e8ves de 4e voulaient cr\u00e9er une plateforme de diffusion mondiale pour leur travail dans le cadre de <a href=\"https:\/\/www.mgis.in\/fr\/gallery\/\" class=\"more-link\">read more&#8230;<\/a><\/p>\n","protected":false},"author":1,"featured_media":509,"parent":0,"menu_order":0,"comment_status":"closed","ping_status":"closed","template":"video.php","meta":{"_acf_changed":false,"footnotes":""},"class_list":["post-189","page","type-page","status-publish","has-post-thumbnail","hentry"],"acf":[],"_links":{"self":[{"href":"https:\/\/www.mgis.in\/fr\/wp-json\/wp\/v2\/pages\/189","targetHints":{"allow":["GET"]}}],"collection":[{"href":"https:\/\/www.mgis.in\/fr\/wp-json\/wp\/v2\/pages"}],"about":[{"href":"https:\/\/www.mgis.in\/fr\/wp-json\/wp\/v2\/types\/page"}],"author":[{"embeddable":true,"href":"https:\/\/www.mgis.in\/fr\/wp-json\/wp\/v2\/users\/1"}],"replies":[{"embeddable":true,"href":"https:\/\/www.mgis.in\/fr\/wp-json\/wp\/v2\/comments?post=189"}],"version-history":[{"count":12,"href":"https:\/\/www.mgis.in\/fr\/wp-json\/wp\/v2\/pages\/189\/revisions"}],"predecessor-version":[{"id":1512,"href":"https:\/\/www.mgis.in\/fr\/wp-json\/wp\/v2\/pages\/189\/revisions\/1512"}],"wp:featuredmedia":[{"embeddable":true,"href":"https:\/\/www.mgis.in\/fr\/wp-json\/wp\/v2\/media\/509"}],"wp:attachment":[{"href":"https:\/\/www.mgis.in\/fr\/wp-json\/wp\/v2\/media?parent=189"}],"curies":[{"name":"wp","href":"https:\/\/api.w.org\/{rel}","templated":true}]}}