{"id":2,"date":"2017-05-12T06:26:54","date_gmt":"2017-05-12T06:26:54","guid":{"rendered":"https:\/\/www.mgis.in\/?page_id=2"},"modified":"2020-09-08T09:27:44","modified_gmt":"2020-09-08T09:27:44","slug":"home","status":"publish","type":"page","link":"https:\/\/www.mgis.in\/fr\/","title":{"rendered":"Home"},"content":{"rendered":"<p><\/p>\n<p>L&rsquo;\u00e9cole internationale Mahatma Gandhi (MGIS), fond\u00e9e en 1998, est un mod\u00e8le de partenariat public-priv\u00e9 r\u00e9ussi et reconnu entre la municipalit\u00e9 d&rsquo;Ahmedabad, la commission scolaire municipale et les sp\u00e9cialistes de l\u2019\u00e9ducation Anju Kauwr Chazot et Pascal Chazot. Leur volonte \u00e9tait de cr\u00e9er un label de qualit\u00e9 en \u00e9ducation et d&rsquo;\u00eatre porteur d&rsquo;une \u00e9ducation inclusive exemplaire dans la ville et le Gujarat. <\/p>\n<p>L&rsquo;histoire de MGIS a eu comme r\u00eave de briser l&rsquo;apartheid dans l&rsquo;\u00e9ducation et de cr\u00e9er une \u00e9cole o\u00f9 les enfants sont heureux. Class\u00e9 parmi les meilleures \u00e9coles de l&rsquo;\u00e9tat et parmi les 20 meilleures \u00e9coles en Inde, MGIS c\u00e9l\u00e8bre la diversit\u00e9 dans la salle de classe. Bas\u00e9 sur les principes nouveaux de la p\u00e9dagogie des ressources g\u00e9n\u00e9r\u00e9es, de l&rsquo;\u00e9ducation progressive, de l&rsquo;apprentissage exp\u00e9rientiel, de la p\u00e9dagogie par projet, etc. MGIS a contribu\u00e9 de mani\u00e8re remarquable \u00e0 l\u2019\u00e9volution de l&rsquo;\u00e9ducation au niveau local et national.<\/p>\n<p><\/p>","protected":false},"excerpt":{"rendered":"<p>L&rsquo;\u00e9cole internationale Mahatma Gandhi (MGIS), fond\u00e9e en 1998, est un mod\u00e8le de partenariat public-priv\u00e9 r\u00e9ussi et reconnu entre <a href=\"https:\/\/www.mgis.in\/fr\/\" class=\"more-link\">read more&#8230;<\/a><\/p>\n","protected":false},"author":1,"featured_media":0,"parent":0,"menu_order":0,"comment_status":"closed","ping_status":"closed","template":"","meta":{"_acf_changed":false,"footnotes":""},"class_list":["post-2","page","type-page","status-publish","hentry"],"acf":[],"_links":{"self":[{"href":"https:\/\/www.mgis.in\/fr\/wp-json\/wp\/v2\/pages\/2","targetHints":{"allow":["GET"]}}],"collection":[{"href":"https:\/\/www.mgis.in\/fr\/wp-json\/wp\/v2\/pages"}],"about":[{"href":"https:\/\/www.mgis.in\/fr\/wp-json\/wp\/v2\/types\/page"}],"author":[{"embeddable":true,"href":"https:\/\/www.mgis.in\/fr\/wp-json\/wp\/v2\/users\/1"}],"replies":[{"embeddable":true,"href":"https:\/\/www.mgis.in\/fr\/wp-json\/wp\/v2\/comments?post=2"}],"version-history":[{"count":0,"href":"https:\/\/www.mgis.in\/fr\/wp-json\/wp\/v2\/pages\/2\/revisions"}],"wp:attachment":[{"href":"https:\/\/www.mgis.in\/fr\/wp-json\/wp\/v2\/media?parent=2"}],"curies":[{"name":"wp","href":"https:\/\/api.w.org\/{rel}","templated":true}]}}