{"id":342,"date":"2017-10-09T05:29:08","date_gmt":"2017-10-09T05:29:08","guid":{"rendered":"https:\/\/www.mgis.in\/?page_id=342"},"modified":"2023-03-16T10:27:23","modified_gmt":"2023-03-16T10:27:23","slug":"cambridge-assessment-international-education","status":"publish","type":"page","link":"https:\/\/www.mgis.in\/fr\/cambridge-assessment-international-education\/","title":{"rendered":"Le Cambridge Assessment International Education"},"content":{"rendered":"<p><\/p>\n<div class=\"programPage\">\n<div class=\"clear\">\n<div class=\"programLeft\">\n<h2>Le Cambridge Assessment International Education<\/h2>\n<p>En combinant le programme de Cambridge avec la p\u00e9dagogie innovante de la MGIS, les classes du CP jusqu\u2019\u00e0 la quatri\u00e8me d\u00e9roulent leur programme en s\u2019appuyant sur des projets interdisciplinaires visant \u00e0 d\u00e9velopper des connaissances cognitives et des comp\u00e9tences de vie. Les \u00e9l\u00e8ves apprennent par exemple \u00e0 lire et \u00e0 \u00e9crire gr\u00e2ce \u00e0 la m\u00e9thode de lecture globale d\u00e9velopp\u00e9e \u00e0 la MGIS.<\/p>\n<\/div>\n<div class=\"programRight\">\n<ul class=\"programLogo clear\">\n<li><img decoding=\"async\" src=\"https:\/\/www.mgis.in\/wp-content\/themes\/bonoboz\/assets\/images\/University_of_Cambridge_logo.png\" \/><\/li>\n<\/ul>\n<\/div>\n<\/div>\n<div class=\"clear\">\n<div class=\"programText\">\n<h3>Le suivi de ce programme<\/h3>\n<p>La MGIS utilise les \u00e9valuations int\u00e9gr\u00e9es pour suivre les progr\u00e8s des apprenants. Les \u00e9valuations se d\u00e9roulent en continu et en fin d\u2019ann\u00e9e sur la base d\u2019indicateurs de performance pr\u00e9\u00e9tablis. Un bulletin d&rsquo;\u00e9valuation est envoy\u00e9 aux parents \u00e0 la fin de chacun des deux semestres.<\/p>\n<p><a class=\"button\" title=\"Contact Us\" href=\"https:\/\/www.mgis.in\/connect\/\">Contactez nous<\/a><\/p>\n<\/div>\n<div class=\"featuredImage programSlider\">\n<div class=\"item\"><img decoding=\"async\" src=\"https:\/\/www.mgis.in\/wp-content\/themes\/bonoboz\/assets\/images\/cambridge\/1.jpg\" \/><\/div>\n<div class=\"item\"><img decoding=\"async\" src=\"https:\/\/www.mgis.in\/wp-content\/themes\/bonoboz\/assets\/images\/cambridge\/2.jpg\" \/><\/div>\n<div class=\"item\"><img decoding=\"async\" src=\"https:\/\/www.mgis.in\/wp-content\/themes\/bonoboz\/assets\/images\/cambridge\/3.jpg\" \/><\/div>\n<div class=\"item\"><img decoding=\"async\" src=\"https:\/\/www.mgis.in\/wp-content\/themes\/bonoboz\/assets\/images\/cambridge\/4.jpg\" \/><\/div>\n<div class=\"item\"><img decoding=\"async\" src=\"https:\/\/www.mgis.in\/wp-content\/themes\/bonoboz\/assets\/images\/cambridge\/5.jpg\" \/><\/div>\n<div class=\"item\"><img decoding=\"async\" src=\"https:\/\/www.mgis.in\/wp-content\/themes\/bonoboz\/assets\/images\/cambridge\/6.jpg\" \/><\/div>\n<div class=\"item\"><img decoding=\"async\" src=\"https:\/\/www.mgis.in\/wp-content\/themes\/bonoboz\/assets\/images\/cambridge\/7.jpg\" \/><\/div>\n<div class=\"item\"><img decoding=\"async\" src=\"https:\/\/www.mgis.in\/wp-content\/themes\/bonoboz\/assets\/images\/cambridge\/8.jpg\" \/><\/div>\n<div class=\"item\"><img decoding=\"async\" src=\"https:\/\/www.mgis.in\/wp-content\/themes\/bonoboz\/assets\/images\/cambridge\/9.jpg\" \/><\/div>\n<div class=\"item\"><img decoding=\"async\" src=\"https:\/\/www.mgis.in\/wp-content\/themes\/bonoboz\/assets\/images\/cambridge\/10.jpg\" \/><\/div>\n<div class=\"item\"><img decoding=\"async\" src=\"https:\/\/www.mgis.in\/wp-content\/themes\/bonoboz\/assets\/images\/cambridge\/11.jpg\" \/><\/div>\n<div class=\"item\"><img decoding=\"async\" src=\"https:\/\/www.mgis.in\/wp-content\/themes\/bonoboz\/assets\/images\/cambridge\/12.jpg\" \/><\/div>\n<\/div>\n<\/div>\n<\/div>\n<p><\/p>","protected":false},"excerpt":{"rendered":"<p>Le Cambridge Assessment International Education En combinant le programme de Cambridge avec la p\u00e9dagogie innovante de la MGIS, <a href=\"https:\/\/www.mgis.in\/fr\/cambridge-assessment-international-education\/\" class=\"more-link\">read more&#8230;<\/a><\/p>\n","protected":false},"author":1,"featured_media":0,"parent":0,"menu_order":0,"comment_status":"closed","ping_status":"closed","template":"program.php","meta":{"_acf_changed":false,"footnotes":""},"class_list":["post-342","page","type-page","status-publish","hentry"],"acf":[],"_links":{"self":[{"href":"https:\/\/www.mgis.in\/fr\/wp-json\/wp\/v2\/pages\/342","targetHints":{"allow":["GET"]}}],"collection":[{"href":"https:\/\/www.mgis.in\/fr\/wp-json\/wp\/v2\/pages"}],"about":[{"href":"https:\/\/www.mgis.in\/fr\/wp-json\/wp\/v2\/types\/page"}],"author":[{"embeddable":true,"href":"https:\/\/www.mgis.in\/fr\/wp-json\/wp\/v2\/users\/1"}],"replies":[{"embeddable":true,"href":"https:\/\/www.mgis.in\/fr\/wp-json\/wp\/v2\/comments?post=342"}],"version-history":[{"count":1,"href":"https:\/\/www.mgis.in\/fr\/wp-json\/wp\/v2\/pages\/342\/revisions"}],"predecessor-version":[{"id":1191,"href":"https:\/\/www.mgis.in\/fr\/wp-json\/wp\/v2\/pages\/342\/revisions\/1191"}],"wp:attachment":[{"href":"https:\/\/www.mgis.in\/fr\/wp-json\/wp\/v2\/media?parent=342"}],"curies":[{"name":"wp","href":"https:\/\/api.w.org\/{rel}","templated":true}]}}