{"id":344,"date":"2017-10-09T05:29:51","date_gmt":"2017-10-09T05:29:51","guid":{"rendered":"https:\/\/www.mgis.in\/?page_id=344"},"modified":"2018-06-22T09:30:06","modified_gmt":"2018-06-22T09:30:06","slug":"btec-skill-building-program","status":"publish","type":"page","link":"https:\/\/www.mgis.in\/fr\/btec-skill-building-program\/","title":{"rendered":"Le programme de formation continue selon le BTEC Pearson"},"content":{"rendered":"<p><\/p>\n<div class=\"programPage\">\n<div class=\"clear\">\n<div class=\"programLeft\">\n<h2>Le programme de formation continue selon le BTEC Pearson<\/h2>\n<p>Les \u00e9l\u00e8ves de la 5e \u00e0 la 2de ainsi que les anciens \u00e9l\u00e8ves de la MGIS peuvent choisir de suivre un programme visant \u00e0 d\u00e9velopper des comp\u00e9tences professionnelles dans le domaine du multim\u00e9dia ou de l\u2019informatique. Ces programmes de qualifications ont \u00e9t\u00e9 d\u00e9velopp\u00e9s pour pr\u00e9parer les \u00e9l\u00e8ves \u00e0 leur entr\u00e9e sur le march\u00e9 du travail dans ces deux domaines.  <\/p>\n<\/div>\n<div class=\"programRight\">\n<ul class=\"programLogo clear\">\n<li><img decoding=\"async\" src=\"https:\/\/www.mgis.in\/wp-content\/themes\/bonoboz\/assets\/images\/btec-logo.png\" \/><\/li>\n<\/ul>\n<\/div>\n<\/div>\n<div class=\"clear\">\n<div class=\"programText\">\n<h3>Le suivi du programme<\/h3>\n<p>La MGIS utilise les crit\u00e8res d&rsquo;\u00e9valuation BTEC selon Pearson. C\u2019est une m\u00e9thode porteuse visant \u00e0 la r\u00e9ussite de l\u2019\u00e9l\u00e8ve car elle leur permet notamment de repasser l\u2019examen autant de fois qu\u2019il le souhaite pour am\u00e9liorer leur note. Les notes des unit\u00e9s \u00e9valu\u00e9es en interne font l&rsquo;objet d&rsquo;une certification qualit\u00e9.<\/p>\n<p><a class=\"button\" title=\"Contact Us\" href=\"https:\/\/www.mgis.in\/connect\/\">Contactez nous<\/a><\/p>\n<\/div>\n<div class=\"featuredImage programSlider\">\n<div class=\"item\"><img decoding=\"async\" src=\"https:\/\/www.mgis.in\/wp-content\/themes\/bonoboz\/assets\/images\/btec\/1.jpg\" \/><\/div>\n<div class=\"item\"><img decoding=\"async\" src=\"https:\/\/www.mgis.in\/wp-content\/themes\/bonoboz\/assets\/images\/btec\/2.jpg\" \/><\/div>\n<div class=\"item\"><img decoding=\"async\" src=\"https:\/\/www.mgis.in\/wp-content\/themes\/bonoboz\/assets\/images\/btec\/3.jpg\" \/><\/div>\n<div class=\"item\"><img decoding=\"async\" src=\"https:\/\/www.mgis.in\/wp-content\/themes\/bonoboz\/assets\/images\/btec\/4.jpg\" \/><\/div>\n<div class=\"item\"><img decoding=\"async\" src=\"https:\/\/www.mgis.in\/wp-content\/themes\/bonoboz\/assets\/images\/btec\/5.jpg\" \/><\/div>\n<div class=\"item\"><img decoding=\"async\" src=\"https:\/\/www.mgis.in\/wp-content\/themes\/bonoboz\/assets\/images\/btec\/6.jpg\" \/><\/div>\n<div class=\"item\"><img decoding=\"async\" src=\"https:\/\/www.mgis.in\/wp-content\/themes\/bonoboz\/assets\/images\/btec\/7.jpg\" \/><\/div>\n<div class=\"item\"><img decoding=\"async\" src=\"https:\/\/www.mgis.in\/wp-content\/themes\/bonoboz\/assets\/images\/btec\/8.jpg\" \/><\/div>\n<div class=\"item\"><img decoding=\"async\" src=\"https:\/\/www.mgis.in\/wp-content\/themes\/bonoboz\/assets\/images\/btec\/9.jpg\" \/><\/div>\n<div class=\"item\"><img decoding=\"async\" src=\"https:\/\/www.mgis.in\/wp-content\/themes\/bonoboz\/assets\/images\/btec\/10.jpg\" \/><\/div>\n<div class=\"item\"><img decoding=\"async\" src=\"https:\/\/www.mgis.in\/wp-content\/themes\/bonoboz\/assets\/images\/btec\/11.jpg\" \/><\/div>\n<div class=\"item\"><img decoding=\"async\" src=\"https:\/\/www.mgis.in\/wp-content\/themes\/bonoboz\/assets\/images\/btec\/12.jpg\" \/><\/div>\n<\/div>\n<\/div>\n<\/div>\n<p><\/p>","protected":false},"excerpt":{"rendered":"<p>Le programme de formation continue selon le BTEC Pearson Les \u00e9l\u00e8ves de la 5e \u00e0 la 2de ainsi <a href=\"https:\/\/www.mgis.in\/fr\/btec-skill-building-program\/\" class=\"more-link\">read more&#8230;<\/a><\/p>\n","protected":false},"author":1,"featured_media":0,"parent":0,"menu_order":0,"comment_status":"closed","ping_status":"closed","template":"program.php","meta":{"_acf_changed":false,"footnotes":""},"class_list":["post-344","page","type-page","status-publish","hentry"],"acf":[],"_links":{"self":[{"href":"https:\/\/www.mgis.in\/fr\/wp-json\/wp\/v2\/pages\/344","targetHints":{"allow":["GET"]}}],"collection":[{"href":"https:\/\/www.mgis.in\/fr\/wp-json\/wp\/v2\/pages"}],"about":[{"href":"https:\/\/www.mgis.in\/fr\/wp-json\/wp\/v2\/types\/page"}],"author":[{"embeddable":true,"href":"https:\/\/www.mgis.in\/fr\/wp-json\/wp\/v2\/users\/1"}],"replies":[{"embeddable":true,"href":"https:\/\/www.mgis.in\/fr\/wp-json\/wp\/v2\/comments?post=344"}],"version-history":[{"count":0,"href":"https:\/\/www.mgis.in\/fr\/wp-json\/wp\/v2\/pages\/344\/revisions"}],"wp:attachment":[{"href":"https:\/\/www.mgis.in\/fr\/wp-json\/wp\/v2\/media?parent=344"}],"curies":[{"name":"wp","href":"https:\/\/api.w.org\/{rel}","templated":true}]}}