{"id":345,"date":"2017-10-09T05:29:23","date_gmt":"2017-10-09T05:29:23","guid":{"rendered":"https:\/\/www.mgis.in\/?page_id=345"},"modified":"2023-11-01T10:18:39","modified_gmt":"2023-11-01T10:18:39","slug":"mission-laique-francaise","status":"publish","type":"page","link":"https:\/\/www.mgis.in\/fr\/mission-laique-francaise\/","title":{"rendered":"Le programme bilingue en partenariat avec la Mission La\u00efque Fran\u00e7aise"},"content":{"rendered":"<p><\/p>\n<div class=\"programPage\">\n<div class=\"clear\">\n<div class=\"programLeft\">\n<h2>Le programme bilingue en partenariat avec la Mission La\u00efque Fran\u00e7aise<\/h2>\n<p>Ce programme bilingue offert aux \u00e9l\u00e8ves de la 6eme \u00e0 la Seconde est un partenariat entre la MGIS et la mission La\u00efque Fran\u00e7aise afin d\u2019accro\u00eetre le potentiel de communication des \u00e9l\u00e8ves en fran\u00e7ais et anglais. La langue fran\u00e7aise, principal vecteur des enseignements dans ce partenariat, est la cl\u00e9 des apprentissages. Une place de choix est \u00e9galement accord\u00e9e \u00e0 l\u2019anglais, v\u00e9ritable langue internationale pour les \u00e9changes dans le monde. Le multilinguisme de nos \u00e9l\u00e8ves est ainsi consid\u00e9r\u00e9 comme une richesse. Il est aussi la marque d&rsquo;une v\u00e9ritable \u00e9ducation internationale. La MGIS, au sein de ce partenariat, a \u00e9t\u00e9 soumise \u00e0 une proc\u00e9dure d\u2019homologation par laquelle le minist\u00e8re fran\u00e7ais de l\u2019\u00c9ducation nationale atteste la conformit\u00e9 des enseignements aux programmes mais aussi aux valeurs fondamentales de l\u2019\u00e9cole fran\u00e7aise.<\/p>\n<\/div>\n<div class=\"programRight\">\n<ul class=\"programLogo clear\">\n<li><img decoding=\"async\" src=\"https:\/\/www.mgis.in\/wp-content\/themes\/bonoboz\/assets\/images\/certification1.png\" \/><\/li>\n<\/ul>\n<\/div>\n<\/div>\n<div class=\"clear\">\n<div class=\"programText\">\n<h3>Le suivi de ce programme<\/h3>\n<p>Le passage des certifications en anglais (Cambridge English) et en Fran\u00e7ais (DELF, DALF) sont propos\u00e9es aux \u00e9l\u00e8ves de CM1 \u00e0 la Terminale. Sont \u00e9galement propos\u00e9s aux \u00e9l\u00e8ves le passage du brevet, du baccalaur\u00e9at fran\u00e7ais, du baccalaur\u00e9at bilingue international, le baccalaur\u00e9at international en anglais \u00e9tant l\u2019examen final traditionnellement choisi par les \u00e9l\u00e8ves \u00e0 l\u2019issue de leurs parcours \u00e0 la MGIS. Au cours du cursus scolaire, la MGIS a \u00e9galement recours aux \u00e9valuations continues et int\u00e9gr\u00e9es pour suivre les progr\u00e8s des apprenants.<\/p>\n<p><a class=\"button\" title=\"Contact Us\" href=\"https:\/\/www.mgis.in\/connect\/\">Contactez nous<\/a><\/p>\n<\/div>\n<div class=\"featuredImage programSlider\">\n<div class=\"item\"><img decoding=\"async\" src=\"https:\/\/www.mgis.in\/wp-content\/themes\/bonoboz\/assets\/images\/mlf\/1.jpg\" \/><\/div>\n<div class=\"item\"><img decoding=\"async\" src=\"https:\/\/www.mgis.in\/wp-content\/themes\/bonoboz\/assets\/images\/mlf\/2.jpg\" \/><\/div>\n<div class=\"item\"><img decoding=\"async\" src=\"https:\/\/www.mgis.in\/wp-content\/themes\/bonoboz\/assets\/images\/mlf\/3.jpg\" \/><\/div>\n<div class=\"item\"><img decoding=\"async\" src=\"https:\/\/www.mgis.in\/wp-content\/themes\/bonoboz\/assets\/images\/mlf\/4.jpg\" \/><\/div>\n<div class=\"item\"><img decoding=\"async\" src=\"https:\/\/www.mgis.in\/wp-content\/themes\/bonoboz\/assets\/images\/mlf\/5.jpg\" \/><\/div>\n<div class=\"item\"><img decoding=\"async\" src=\"https:\/\/www.mgis.in\/wp-content\/themes\/bonoboz\/assets\/images\/mlf\/6.jpg\" \/><\/div>\n<div class=\"item\"><img decoding=\"async\" src=\"https:\/\/www.mgis.in\/wp-content\/themes\/bonoboz\/assets\/images\/mlf\/7.jpg\" \/><\/div>\n<div class=\"item\"><img decoding=\"async\" src=\"https:\/\/www.mgis.in\/wp-content\/themes\/bonoboz\/assets\/images\/mlf\/8.jpg\" \/><\/div>\n<div class=\"item\"><img decoding=\"async\" src=\"https:\/\/www.mgis.in\/wp-content\/themes\/bonoboz\/assets\/images\/mlf\/9.jpg\" \/><\/div>\n<div class=\"item\"><img decoding=\"async\" src=\"https:\/\/www.mgis.in\/wp-content\/themes\/bonoboz\/assets\/images\/mlf\/10.jpg\" \/><\/div>\n<div class=\"item\"><img decoding=\"async\" src=\"https:\/\/www.mgis.in\/wp-content\/themes\/bonoboz\/assets\/images\/mlf\/11.jpg\" \/><\/div>\n<div class=\"item\"><img decoding=\"async\" src=\"https:\/\/www.mgis.in\/wp-content\/themes\/bonoboz\/assets\/images\/mlf\/12.jpg\" \/><\/div>\n<\/div>\n<\/div>\n<\/div>\n<p><\/p>","protected":false},"excerpt":{"rendered":"<p>Le programme bilingue en partenariat avec la Mission La\u00efque Fran\u00e7aise Ce programme bilingue offert aux \u00e9l\u00e8ves de la <a href=\"https:\/\/www.mgis.in\/fr\/mission-laique-francaise\/\" class=\"more-link\">read more&#8230;<\/a><\/p>\n","protected":false},"author":1,"featured_media":0,"parent":0,"menu_order":0,"comment_status":"closed","ping_status":"closed","template":"program.php","meta":{"_acf_changed":false,"footnotes":""},"class_list":["post-345","page","type-page","status-publish","hentry"],"acf":[],"_links":{"self":[{"href":"https:\/\/www.mgis.in\/fr\/wp-json\/wp\/v2\/pages\/345","targetHints":{"allow":["GET"]}}],"collection":[{"href":"https:\/\/www.mgis.in\/fr\/wp-json\/wp\/v2\/pages"}],"about":[{"href":"https:\/\/www.mgis.in\/fr\/wp-json\/wp\/v2\/types\/page"}],"author":[{"embeddable":true,"href":"https:\/\/www.mgis.in\/fr\/wp-json\/wp\/v2\/users\/1"}],"replies":[{"embeddable":true,"href":"https:\/\/www.mgis.in\/fr\/wp-json\/wp\/v2\/comments?post=345"}],"version-history":[{"count":10,"href":"https:\/\/www.mgis.in\/fr\/wp-json\/wp\/v2\/pages\/345\/revisions"}],"predecessor-version":[{"id":1229,"href":"https:\/\/www.mgis.in\/fr\/wp-json\/wp\/v2\/pages\/345\/revisions\/1229"}],"wp:attachment":[{"href":"https:\/\/www.mgis.in\/fr\/wp-json\/wp\/v2\/media?parent=345"}],"curies":[{"name":"wp","href":"https:\/\/api.w.org\/{rel}","templated":true}]}}